{"id":14,"date":"2022-07-19T15:11:14","date_gmt":"2022-07-19T13:11:14","guid":{"rendered":"https:\/\/taekwondo-bruck.at\/?page_id=14"},"modified":"2022-08-04T14:30:55","modified_gmt":"2022-08-04T12:30:55","slug":"traditionelles-taekwondo","status":"publish","type":"page","link":"https:\/\/taekwondo-bruck.at\/?page_id=14","title":{"rendered":"Traditionelles Taekwondo"},"content":{"rendered":"\n<p>Das Traditionelle Taekwondo besteht aus mehreren Bestandteilen die ein ganzheitliches Training f\u00fcr K\u00f6rper und Geist ergeben:<\/p>\n\n\n<ul class=\"simpletoc-list\">\n<li><a href=\"#grundschule-%25ea%25b8%25b0%25eb%25b3%25b8-%25ec%2597%25b0%25ec%258a%25b5\">Grundschule (\uae30\ubcf8 \uc5f0\uc2b5)<\/a>\n\n<\/li>\n<li><a href=\"#gymnastik-%25ec%25b2%25b4%25ec%25a1%25b0\">Gymnastik (\uccb4\uc870)<\/a>\n\n<\/li>\n<li><a href=\"#bruchtest-%25ea%25b2%25a9%25ed%258c%258c\">Bruchtest (\uaca9\ud30c)<\/a>\n\n<\/li>\n<li><a href=\"#freikampf-%25ec%259e%2590%25ec%259c%25a0%25eb%258c%2580%25eb%25a0%25a8\">Freikampf (\uc790\uc720\ub300\ub828)<\/a>\n\n<\/li>\n<li><a href=\"#theorie-%25ec%259d%25b4%25eb%25a1%25a0\">Theorie (\uc774\ub860)<\/a>\n\n<\/li>\n<li><a href=\"#selbstverteidigung-%25ed%2598%25b8%25ec%258b%25a0%25ec%2588%25a0\">Selbstverteidigung (\ud638\uc2e0\uc220)<\/a>\n\n<\/li>\n<li><a href=\"#ein-zwei-und-dreischrittkampf-%25ec%259d%25bc%25eb%25b3%25b4-%25ec%259d%25b4%25eb%25b3%25b4-%25ec%2582%25bc%25eb%25b3%25b4-%25eb%258c%2580%25eb%25a0%25a8\">Ein-, Zwei und Dreischrittkampf (\uc77c\ubcf4, \uc774\ubcf4, \uc0bc\ubcf4 \ub300\ub828)<\/a>\n\n<\/li>\n<li><a href=\"#uebungsformen-hyongs-%25ed%2598%2595-tul-%25ed%258b%2580\">\u00dcbungsformen: Hyongs (\ud615) \/ Tul (\ud2c0)<\/a>\n\n<\/li>\n<li><a href=\"#guertelpruefungen\">G\u00fcrtelpr\u00fcfungen<\/a>\n<\/li><\/ul>\n\n\n<hr class=\"wp-block-separator has-alpha-channel-opacity\"\/>\n\n\n\n<h2 class=\"wp-block-heading\" id=\"grundschule-%25ea%25b8%25b0%25eb%25b3%25b8-%25ec%2597%25b0%25ec%258a%25b5\">Grundschule (\uae30\ubcf8 \uc5f0\uc2b5)<\/h2>\n\n\n\n<p>Taekwondo besteht aus einer Vielzahl von Hand- und Fu\u00dftechniken. In der Grundschule werden einzelne Techniken mehrfach hintereinander ausgef\u00fchrt und zu \u00dcbungssequenzen zusammengebaut.<\/p>\n\n\n\n<p>Einige bew\u00e4hrte \u00dcbungssequenzen sind festgelegt und fester Bestandteil des Unterrichts und der Pr\u00fcfungen: <\/p>\n\n\n\n<ul class=\"wp-block-list\"><li>Handtechniken 1-7<\/li><li>Fu\u00dftechniken 1-7<\/li><li>Grundtechniken 1-5<\/li><\/ul>\n\n\n\n<h2 class=\"wp-block-heading\" id=\"gymnastik-%25ec%25b2%25b4%25ec%25a1%25b0\">Gymnastik (\uccb4\uc870)<\/h2>\n\n\n\n<p>Kraft-, Konditions- und Dehnungs\u00fcbungen sind fester Bestandteil des Trainings. Die Vielfalt an Techniken erfordert ein hohes Ma\u00df an Beweglichkeit und K\u00f6rperbeherrschung.<\/p>\n\n\n\n<h2 class=\"wp-block-heading\" id=\"bruchtest-%25ea%25b2%25a9%25ed%258c%258c\">Bruchtest (\uaca9\ud30c)<\/h2>\n\n\n\n<p>Im Training werden die Schl\u00e4ge und Tritte mit gro\u00dfer Kraft und Geschwindigkeit ge\u00fcbt. Auch in Partner\u00fcbungen findet dies ohne Kontakt statt. Zur Demonstration und \u00dcberpr\u00fcfung des Erlenten dient der Bruchtest. Hierbei werden Bretter oder Steine zerschlagen. Der Bruchtest ist fester Bestandteil der G\u00fcrtelpr\u00fcfung.<\/p>\n\n\n\n<h2 class=\"wp-block-heading\" id=\"freikampf-%25ec%259e%2590%25ec%259c%25a0%25eb%258c%2580%25eb%25a0%25a8\">Freikampf (\uc790\uc720\ub300\ub828)<\/h2>\n\n\n\n<p>Im traditionellen Taekwondo wird dir der freie Kampf als Partner\u00fcbung verstanden wird ohne Kontakt ausgetragen. Es wird eine schnelle Abfolge and Tritten und Schl\u00e4gen ausgef\u00fchrt, die rechtzeitig vor dem Partner abgestoppt werden.<\/p>\n\n\n\n<h2 class=\"wp-block-heading\" id=\"theorie-%25ec%259d%25b4%25eb%25a1%25a0\">Theorie (\uc774\ub860)<\/h2>\n\n\n\n<p>W\u00e4hrend des Unterrichts werden neben dem k\u00f6rperlichen Training auch Grunds\u00e4tze des Taekwondo, Geschichte und physikalische Grundlagen vermittelt.<\/p>\n\n\n\n<h2 class=\"wp-block-heading\" id=\"selbstverteidigung-%25ed%2598%25b8%25ec%258b%25a0%25ec%2588%25a0\">Selbstverteidigung (\ud638\uc2e0\uc220)<\/h2>\n\n\n\n<p>In Partner\u00fcbungen werden Konter- und Hebeltechniken im Stehen und Liegen trainiert.<\/p>\n\n\n\n<h2 class=\"wp-block-heading\" id=\"ein-zwei-und-dreischrittkampf-%25ec%259d%25bc%25eb%25b3%25b4-%25ec%259d%25b4%25eb%25b3%25b4-%25ec%2582%25bc%25eb%25b3%25b4-%25eb%258c%2580%25eb%25a0%25a8\">Ein-, Zwei und Dreischrittkampf (\uc77c\ubcf4, \uc774\ubcf4, \uc0bc\ubcf4 \ub300\ub828)<\/h2>\n\n\n\n<p>Beim Ein-, Zwei- oder Dreischrittkampf werden ritualisiert Angriff und Verteidigung ge\u00fcbt. Der Abwehrende blockt eine, zwei oder drei Angriffstechniken des Angreifers und kontert mit einem Gegenangriff.<\/p>\n\n\n\n<h2 class=\"wp-block-heading\" id=\"uebungsformen-hyongs-%25ed%2598%2595-tul-%25ed%258b%2580\">\u00dcbungsformen: Hyongs (\ud615) \/ Tul (\ud2c0)<\/h2>\n\n\n\n<p>Hyongs (\ud615) sind festgelegte Bewegungsabl\u00e4ufe (\u00dcbungsfiguren), die das \u00dcben der Taekwondo-Bewegungen ohne Partner erlauben. Im traditionellen Taekwondo werden die 20 Hyong (\ud615), die urspr\u00fcnglich von General Choi Hong-Hi (\ucd5c\ud64d\ud76c) entwickelt wurden, gelehrt. Sie werden auch als Formen der Chang-Hon Schule bezeichnet, da dies das Pseudonym von General Choi Hong-Hi war. <\/p>\n\n\n\n<ol class=\"wp-block-list\"><li>Cheon-Ji (\ucc9c\uc9c0)<br><\/li><li>Dan-Gun (\ub2e8\uad70)<br><\/li><li>Do-San (\ub3c4\uc0b0)<br><\/li><li>Won-Hyo (\uc6d0\ud6a8)<br><\/li><li>Yul-Gok (\uc728\uace1)<br><\/li><li>Jung-Geun (\uc911\uadfc)<br><\/li><li>Toi-Gye (\ud1f4\uacc4)<br><\/li><li>Hwa-Rang (\ud654\ub791)<br><\/li><li>Chung-Mu (\ucda9\ubb34)<br><\/li><li>Gwang-Gae (\uad11\uac1c)<br><\/li><li>Po-Eun (\ud3ec\uc740)<br><\/li><li>Gye-Baek (\uacc4\ubc31)<br><\/li><li>Yu-Sin (\uc720\uc2e0)<br><\/li><li>Chung-Jang (\ucda9\uc7a5)<br><\/li><li>Eul-Ji (\uc744\uc9c0)<br><\/li><li>Sam-Il (\uc0bc\uc77c)<br><\/li><li>Go-Dang (\uace0\ub2f9)<br><\/li><li>Choe-Yeong (\ucd5c\uc601)<br><\/li><li>Se-Jong (\uc138\uc885)<br><\/li><li>Tong-Il (\ud1b5\uc77c)<\/li><\/ol>\n\n\n\n<p>Sp\u00e4ter wurden weitere \u00dcbungsfiguren von General Choi Hong-Hi entwickelt, die Reihenfolge teilweise ge\u00e4ndert. So gibt es weitere Formen aus der Chang-Hon Schule, die in der ITF (International Taekwondo Federation) und auch gelegentlich im Traditionellen Taekwondo gelehrt werden. Im ITF werden die Formen als Tul (\ud2c0) bezeichnet.<\/p>\n\n\n\n<ol class=\"wp-block-list\"><li>Eui-Am (\uc758\uc554)<\/li><li>Juche (\uc8fc\uccb4)<\/li><li>Yeon-Gae (\uc5f0\uac1c)<\/li><li>Mun-Mu (\ubb38\ubb34)<\/li><li>Seo-San (\uc11c\uc0b0)<\/li><\/ol>\n\n\n\n<p>Die Formen und Reihenfolge wie sie in der ITF gelehrt werden, finden Sie <a rel=\"noreferrer noopener\" href=\"https:\/\/www.traditional-itf.com\/tul\" target=\"_blank\">hier<\/a>.<\/p>\n\n\n\n<h2 class=\"wp-block-heading\" id=\"guertelpruefungen\">G\u00fcrtelpr\u00fcfungen<\/h2>\n\n\n\n<p>In regelm\u00e4\u00dfigen Abst\u00e4nden wird das im Training erlernte Wissen \u00fcberpr\u00fcft. Bei erfolgreich bestandener Pr\u00fcfung wird dem Sch\u00fcler der n\u00e4chsth\u00f6here G\u00fcrtelgrad verliehen.<\/p>\n","protected":false},"excerpt":{"rendered":"<p>Das Traditionelle Taekwondo besteht aus mehreren Bestandteilen die ein ganzheitliches Training f\u00fcr K\u00f6rper und Geist ergeben: Grundschule (\uae30\ubcf8 \uc5f0\uc2b5) Taekwondo besteht aus einer Vielzahl von Hand- und Fu\u00dftechniken. In der Grundschule werden einzelne Techniken mehrfach hintereinander ausgef\u00fchrt und zu \u00dcbungssequenzen zusammengebaut. Einige bew\u00e4hrte \u00dcbungssequenzen sind festgelegt und fester Bestandteil des Unterrichts und der Pr\u00fcfungen: Handtechniken [&hellip;]<\/p>\n","protected":false},"author":1,"featured_media":0,"parent":0,"menu_order":0,"comment_status":"closed","ping_status":"closed","template":"","meta":{"footnotes":""},"class_list":["post-14","page","type-page","status-publish","hentry","entry"],"jetpack_sharing_enabled":true,"_links":{"self":[{"href":"https:\/\/taekwondo-bruck.at\/index.php?rest_route=\/wp\/v2\/pages\/14","targetHints":{"allow":["GET"]}}],"collection":[{"href":"https:\/\/taekwondo-bruck.at\/index.php?rest_route=\/wp\/v2\/pages"}],"about":[{"href":"https:\/\/taekwondo-bruck.at\/index.php?rest_route=\/wp\/v2\/types\/page"}],"author":[{"embeddable":true,"href":"https:\/\/taekwondo-bruck.at\/index.php?rest_route=\/wp\/v2\/users\/1"}],"replies":[{"embeddable":true,"href":"https:\/\/taekwondo-bruck.at\/index.php?rest_route=%2Fwp%2Fv2%2Fcomments&post=14"}],"version-history":[{"count":11,"href":"https:\/\/taekwondo-bruck.at\/index.php?rest_route=\/wp\/v2\/pages\/14\/revisions"}],"predecessor-version":[{"id":119,"href":"https:\/\/taekwondo-bruck.at\/index.php?rest_route=\/wp\/v2\/pages\/14\/revisions\/119"}],"wp:attachment":[{"href":"https:\/\/taekwondo-bruck.at\/index.php?rest_route=%2Fwp%2Fv2%2Fmedia&parent=14"}],"curies":[{"name":"wp","href":"https:\/\/api.w.org\/{rel}","templated":true}]}}