{"id":16,"date":"2022-07-19T15:22:41","date_gmt":"2022-07-19T13:22:41","guid":{"rendered":"https:\/\/taekwondo-bruck.at\/?page_id=16"},"modified":"2022-08-04T16:01:09","modified_gmt":"2022-08-04T14:01:09","slug":"world-taekwondo","status":"publish","type":"page","link":"https:\/\/taekwondo-bruck.at\/?page_id=16","title":{"rendered":"World Taekwondo"},"content":{"rendered":"\n<h2 class=\"wp-block-heading\" id=\"uebungsfiguren-fuer-farbgurte-poomsae-%25ed%2592%2588%25ec%2583%2588\">\u00dcbungsfiguren f\u00fcr Farbgurte: Poomsae (\ud488\uc0c8)<\/h2>\n\n\n\n<ol class=\"wp-block-list\"><li>Il Chang, 18 Bewegungen, Bedeutung: Himmel<\/li><li>I Chang, 18 Bewegungen, Frohsinn<\/li><li>Sam Chang, 20 Bewegungen, Feuer<\/li><li>Sa Chang 20 Bewegungen, Bedeutung: Donner<\/li><li>Oh Chang 20 Bewegungen, Bedeutung:Wind<\/li><li>Yuk Chang 19 Bewegungen, Bedeutung:Wasser<\/li><li>Chil Chang 25 Bewegungen, Bedeutung: Berg<\/li><li>Pal Chang 27 Bewegungen, Bedeutung: Erde<\/li><\/ol>\n\n\n\n<h2 class=\"wp-block-heading\" id=\"uebungsfiguren-fuer-dan-traeger-yudanja-%25ec%259c%25a0%25eb%258b%25a8%25ec%259e%2590\">\u00dcbungsfiguren f\u00fcr Dan Tr\u00e4ger: Yudanja (\uc720\ub2e8\uc790)<\/h2>\n\n\n\n<ol class=\"wp-block-list\"><li>Koryo (\uace0\ub824), 30 Bewegungen, Bedeutung: Koreanische Dynastie<\/li><li>Keumgang (\uae08\uac15), 27 Bewegungen, Bedeutung: Koreanisches Gebirge<\/li><li>Taebaek (\ud0dc\ubc31), 26 Bewegungen, Bedeutung: Hauptgebirgszug der koreanischen Halbinsel<\/li><li>Pyongwon (\ud3c9\uc6d0), 21 Bewegungen, Bedeutung: Gro\u00df und majest\u00e4tisch<\/li><li>Sipjin (\uc2f6\uc9c4), 28 Bewegungen, Bedeutung: Zehn Symbole der Langlebigkeit<\/li><li>Jitae (\uc9c0\ud0dc), 28 Bewegungen, Bedeutung: Erde<\/li><li>Cheonkwon (\ucc9c\uad8c), 26 Bewegungen, Bedeutung: Himmel<\/li><li>Hansu (\ud55c\uc218), 27 Bewegungen, Bedeutung: Anpassungsf\u00e4higkeit des Wassers<\/li><li>Ilyeo (\uc77c\uc5ec), 23 Bewegungen, Bedeutung: Einheit (buddhistisch)<\/li><\/ol>\n","protected":false},"excerpt":{"rendered":"<p>\u00dcbungsfiguren f\u00fcr Farbgurte: Poomsae (\ud488\uc0c8) Il Chang, 18 Bewegungen, Bedeutung: Himmel I Chang, 18 Bewegungen, Frohsinn Sam Chang, 20 Bewegungen, Feuer Sa Chang 20 Bewegungen, Bedeutung: Donner Oh Chang 20 Bewegungen, Bedeutung:Wind Yuk Chang 19 Bewegungen, Bedeutung:Wasser Chil Chang 25 Bewegungen, Bedeutung: Berg Pal Chang 27 Bewegungen, Bedeutung: Erde \u00dcbungsfiguren f\u00fcr Dan Tr\u00e4ger: Yudanja (\uc720\ub2e8\uc790) [&hellip;]<\/p>\n","protected":false},"author":1,"featured_media":0,"parent":0,"menu_order":0,"comment_status":"closed","ping_status":"closed","template":"","meta":{"footnotes":""},"class_list":["post-16","page","type-page","status-publish","hentry","entry"],"jetpack_sharing_enabled":true,"_links":{"self":[{"href":"https:\/\/taekwondo-bruck.at\/index.php?rest_route=\/wp\/v2\/pages\/16","targetHints":{"allow":["GET"]}}],"collection":[{"href":"https:\/\/taekwondo-bruck.at\/index.php?rest_route=\/wp\/v2\/pages"}],"about":[{"href":"https:\/\/taekwondo-bruck.at\/index.php?rest_route=\/wp\/v2\/types\/page"}],"author":[{"embeddable":true,"href":"https:\/\/taekwondo-bruck.at\/index.php?rest_route=\/wp\/v2\/users\/1"}],"replies":[{"embeddable":true,"href":"https:\/\/taekwondo-bruck.at\/index.php?rest_route=%2Fwp%2Fv2%2Fcomments&post=16"}],"version-history":[{"count":8,"href":"https:\/\/taekwondo-bruck.at\/index.php?rest_route=\/wp\/v2\/pages\/16\/revisions"}],"predecessor-version":[{"id":139,"href":"https:\/\/taekwondo-bruck.at\/index.php?rest_route=\/wp\/v2\/pages\/16\/revisions\/139"}],"wp:attachment":[{"href":"https:\/\/taekwondo-bruck.at\/index.php?rest_route=%2Fwp%2Fv2%2Fmedia&parent=16"}],"curies":[{"name":"wp","href":"https:\/\/api.w.org\/{rel}","templated":true}]}}