{"id":18,"date":"2022-07-19T15:25:20","date_gmt":"2022-07-19T13:25:20","guid":{"rendered":"https:\/\/taekwondo-bruck.at\/?page_id=18"},"modified":"2026-04-25T13:50:46","modified_gmt":"2026-04-25T11:50:46","slug":"dojang","status":"publish","type":"page","link":"https:\/\/taekwondo-bruck.at\/?page_id=18","title":{"rendered":"Dojang"},"content":{"rendered":"<p>Dieser Dojang ist derzeit nicht in Betrieb. Die Website dient als Platzhalter f\u00fcr eine zuk\u00fcnftige Taekwondo-Schule in Bruck an der Mur.<\/p>\n<p>F\u00fcr Informationen \u00fcber Traditionelles Taekwondo und unseren Verband besuchen Sie bitte:<\/p>\n<ul>\n<li><a href=\"https:\/\/traditional-taekwondo.center\" target=\"_blank\" rel=\"noopener\">Traditional Taekwon-Do Centers e.V.<\/a><\/li>\n<\/ul>\n","protected":false},"excerpt":{"rendered":"<p>Dieser Dojang ist derzeit nicht in Betrieb. Die Website dient als Platzhalter f\u00fcr eine zuk\u00fcnftige Taekwondo-Schule in Bruck an der Mur. F\u00fcr Informationen \u00fcber Traditionelles Taekwondo und unseren Verband besuchen Sie bitte: Traditional Taekwon-Do Centers e.V.<\/p>\n","protected":false},"author":1,"featured_media":0,"parent":0,"menu_order":0,"comment_status":"closed","ping_status":"closed","template":"","meta":{"footnotes":""},"class_list":["post-18","page","type-page","status-publish","hentry","entry"],"jetpack_sharing_enabled":true,"_links":{"self":[{"href":"https:\/\/taekwondo-bruck.at\/index.php?rest_route=\/wp\/v2\/pages\/18","targetHints":{"allow":["GET"]}}],"collection":[{"href":"https:\/\/taekwondo-bruck.at\/index.php?rest_route=\/wp\/v2\/pages"}],"about":[{"href":"https:\/\/taekwondo-bruck.at\/index.php?rest_route=\/wp\/v2\/types\/page"}],"author":[{"embeddable":true,"href":"https:\/\/taekwondo-bruck.at\/index.php?rest_route=\/wp\/v2\/users\/1"}],"replies":[{"embeddable":true,"href":"https:\/\/taekwondo-bruck.at\/index.php?rest_route=%2Fwp%2Fv2%2Fcomments&post=18"}],"version-history":[{"count":2,"href":"https:\/\/taekwondo-bruck.at\/index.php?rest_route=\/wp\/v2\/pages\/18\/revisions"}],"predecessor-version":[{"id":463,"href":"https:\/\/taekwondo-bruck.at\/index.php?rest_route=\/wp\/v2\/pages\/18\/revisions\/463"}],"wp:attachment":[{"href":"https:\/\/taekwondo-bruck.at\/index.php?rest_route=%2Fwp%2Fv2%2Fmedia&parent=18"}],"curies":[{"name":"wp","href":"https:\/\/api.w.org\/{rel}","templated":true}]}}