{"id":36,"date":"2022-07-19T19:57:21","date_gmt":"2022-07-19T17:57:21","guid":{"rendered":"https:\/\/taekwondo-bruck.at\/?page_id=36"},"modified":"2022-08-04T15:53:00","modified_gmt":"2022-08-04T13:53:00","slug":"taekwondo","status":"publish","type":"page","link":"https:\/\/taekwondo-bruck.at\/?page_id=36","title":{"rendered":"Taekwondo"},"content":{"rendered":"\n<p>Taekwondo (\ud0dc\uad8c\ub3c4) ist eine koreanische Kampfkunst. Das dreiteilige Wort setzt sich zusammen aus Tae (\ud0dc), Kwon (\uad8c) und Do (\ub3c4), was w\u00f6rtlich \u00fcbersetzt in etwa \u201eFu\u00df, Faust und Weg\u201c bedeutet. Die Kampfkunst wurde zwischen 1945 und 1955 entwickelt. Taekwondo basiert auf den alten koreanischen Kampfk\u00fcnsten wie Taekyon, Subak und der japanischen Kampfkunst Karate.<\/p>\n\n\n\n<h2 class=\"wp-block-heading\" id=\"taekwondo-oder-taekwondo\">Taekwondo oder Taekwon-do<\/h2>\n\n\n\n<p>Urspr\u00fcnglich wurde es Taekwon-do geschrieben und so wird es auch noch im Traditionellen Taekwondo beibehalten. Auf dieser Seite wird die moderne Schreibweise Taekwondo verwendet, es sei denn es wird auf einen bestimmten Verein verwiesen. In diesem Fall wird diese Schreibweise verwendet.<\/p>\n\n\n\n<h2 class=\"wp-block-heading\" id=\"eine-kurze-geschichte-des-taekwondo\">Eine kurze Geschichte des Taekwondo<\/h2>\n\n\n\n<p>Die koreanische Kultur wurde w\u00e4hrend der japanischen Besatzung zischen 1910 und 1945 stark unterdr\u00fcckt und die Aus\u00fcbung koreanischer Kampfk\u00fcnste war verboten. Nach dem Zweiten Weltkrieg und dem Ende der japanischen Besatzung im Jahre 1945 erlebte Korea eine Zeit der kulturellen Wiederbelebung. In Seoul entstanden erst f\u00fcnf und sp\u00e4ter insgesamt neun Kampfkunstschulen (Kwans). Die Begr\u00fcnder dieser Schulen hatten verschiedene Kampfk\u00fcnste studiert und somit entstanden unterschiedliche Stile.<\/p>\n\n\n\n<ul class=\"wp-block-list\"><li>1945: Chung Do Kwan \u2013 gegr\u00fcndet von Lee Won Kuk.<\/li><li>1945: Moo Duk Kwan \u2013 gegr\u00fcndet von Hwang Kee<\/li><li>1946: Ji Do Kwan (gegr\u00fcndet als Yun Moo Kwan) \u2013 gegr\u00fcndet von Chun Sang Sup<\/li><li>1946: Chang-Moo-Kwan (gegr\u00fcndet als Kwon Bop) \u2013 gegr\u00fcndet von Yoon Byung In<\/li><li>1946: Song-Moo-Kwan \u2013 gegr\u00fcndet von Ro Byung Jik<\/li><li>1953: Oh-Do-Kwan \u2013 gegr\u00fcndet von General Choi Hong Hi<\/li><li>1953: Kang Duk Won \u2013 gegr\u00fcndet von Hong Jong Pyo und Park Chul Hee<\/li><li>1954: Jung Do Kwan \u2013 gegr\u00fcndet von Lee Yong Woo<\/li><li>1954: Han Moo Kwan \u2013 gegr\u00fcndet von Lee Kyo Yoon<\/li><\/ul>\n\n\n\n<p>In den Jahren 1946-1947 unterrichtete Choi Hong Hi, der in Japan Karate gelernt hatte und Oberleutnant im Zweiten Infanterieregiment der s\u00fcdkoreanischen Armee war,  koreanischen und amerikanischen Soldaten, die in Taejon stationiert waren, zu unterrichten. 1948 wurde Major Choi Hong Hi Kampfkunstlehrer an der American Military Police School in Seoul. 1953 wurde er zum Ehrenoberhaupt der Chung Do Kwan ernannt,  Im selben Jahr wurde er zum Ehrenvorsitzenden der Chung Do Kwan ernannt. Choi gr\u00fcndete das Oh Do Kwan als Sporttrainingsprogramm der koreanischen Armee. W\u00e4hrend dieser Zeit begann er, \u00dcbungsfiguren (Hyongs oder Tul genannt) zu kreieren. 1955 fand ein Treffen statt, um die Vereinigung der Kwans zu diskutieren Ein Name und ein Stil fanden statt.Bei diesem Treffen schlug Choi den Namen Taekwondo vor. 1959 wurde der Vorschlag akzeptiert und die Korea Teakwondo Association (KTA) gegr\u00fcndet, deren Pr\u00e4sident Choi wurde.<\/p>\n\n\n\n<p>1965 Choi organisierte Goodwill-Missionen, die Taekwondo in der Welt bekannt machen sollten.  <a rel=\"noreferrer noopener\" href=\"https:\/\/de.wikipedia.org\/wiki\/Kwon_Jae-hwa\" target=\"_blank\">Kwon, Jae-Hwa<\/a>, damals 29 Jahre alt und Tr\u00e4ger des 6. Dan ist Teil des Demonstrationsteams. Ein Jahr sp\u00e4ter verschreibt er sich dem Ziel, Taekwondo in Europa zu verbreiten und gr\u00fcndete den deutschen Taekwondo Verband und wird dessen Cheftrainer und Beauftragter f\u00fcr Europa und den mittleren Osten. Kwon hat jahrzehntelang Taekwondo ma\u00dfgeblich in Deutschland und \u00d6sterreich gepr\u00e4gt. Nachdem sich Kwon mehr und mehr aus der Verbandsarbeit zur\u00fcck zog, entstand der Verein <a rel=\"noreferrer noopener\" href=\"https:\/\/traditional-taekwondo.center\/\" target=\"_blank\">Traditional Taekwon-Do Centers e.V.<\/a> dessen Ziel es ist, das Traditionelle Taekwondo zu erhalten und weiter zu entwickeln. Die Leiter des Verbandes sind Taekwondo Meister, die Sch\u00fcler von Gro\u00dfmeister Kwon, Jae-Hwa sein durften und im System Kwon, Jae-Hwa trainieren und lehren.<\/p>\n\n\n\n<p>1966 gr\u00fcndete Choi in Seoul die International Taekwondo Federation (ITF). Aufgrund von Spannungen wurden die ITF und KTA getrennt. Yong Chae Kim, Leiter der Kang Duk Won, wurde zum Pr\u00e4sidenten der KTA gew\u00e4hlt. Am 20. M\u00e4rz 1971 erkl\u00e4rte Pr\u00e4sident Park Taekwondo zum Nationalsport Koreas und stellte Mittel f\u00fcr den Bau des <a rel=\"noreferrer noopener\" href=\"https:\/\/de.wikipedia.org\/wiki\/Kukkiwon\" target=\"_blank\">Kukkiwon<\/a> (\uad6d\uae30\uc6d0), einer <a rel=\"noreferrer noopener\" href=\"https:\/\/www.kukkiwon.or.kr\/front\/eng\/main2.action\" target=\"_blank\">Nationalen Akademie f\u00fcr Taekwondo<\/a> bereit. Die Organisation <a rel=\"noreferrer noopener\" href=\"http:\/\/m.worldtaekwondo.org\/\" target=\"_blank\">World Taekwondo<\/a> (fr\u00fcher World Taekwondo Federation) ist die offizielle Taekwondo Dachorganisaiton S\u00fcdkoreas.<\/p>\n\n\n\n<p>Daher gibt es verschiedene Stile. Das World Taekwondo (oft auch als modernes Taekwondo bezeichnet) und das Traditionelle Taekwondo. Diese Unterscheiden sich vor allem darin, welche \u00dcbungsformen unterrichtet und wie der Wettkampf ausgetragen wird.<\/p>\n","protected":false},"excerpt":{"rendered":"<p>Taekwondo (\ud0dc\uad8c\ub3c4) ist eine koreanische Kampfkunst. Das dreiteilige Wort setzt sich zusammen aus Tae (\ud0dc), Kwon (\uad8c) und Do (\ub3c4), was w\u00f6rtlich \u00fcbersetzt in etwa \u201eFu\u00df, Faust und Weg\u201c bedeutet. Die Kampfkunst wurde zwischen 1945 und 1955 entwickelt. Taekwondo basiert auf den alten koreanischen Kampfk\u00fcnsten wie Taekyon, Subak und der japanischen Kampfkunst Karate. Taekwondo oder [&hellip;]<\/p>\n","protected":false},"author":2,"featured_media":0,"parent":0,"menu_order":0,"comment_status":"closed","ping_status":"closed","template":"","meta":{"footnotes":""},"class_list":["post-36","page","type-page","status-publish","hentry","entry"],"jetpack_sharing_enabled":true,"_links":{"self":[{"href":"https:\/\/taekwondo-bruck.at\/index.php?rest_route=\/wp\/v2\/pages\/36","targetHints":{"allow":["GET"]}}],"collection":[{"href":"https:\/\/taekwondo-bruck.at\/index.php?rest_route=\/wp\/v2\/pages"}],"about":[{"href":"https:\/\/taekwondo-bruck.at\/index.php?rest_route=\/wp\/v2\/types\/page"}],"author":[{"embeddable":true,"href":"https:\/\/taekwondo-bruck.at\/index.php?rest_route=\/wp\/v2\/users\/2"}],"replies":[{"embeddable":true,"href":"https:\/\/taekwondo-bruck.at\/index.php?rest_route=%2Fwp%2Fv2%2Fcomments&post=36"}],"version-history":[{"count":11,"href":"https:\/\/taekwondo-bruck.at\/index.php?rest_route=\/wp\/v2\/pages\/36\/revisions"}],"predecessor-version":[{"id":136,"href":"https:\/\/taekwondo-bruck.at\/index.php?rest_route=\/wp\/v2\/pages\/36\/revisions\/136"}],"wp:attachment":[{"href":"https:\/\/taekwondo-bruck.at\/index.php?rest_route=%2Fwp%2Fv2%2Fmedia&parent=36"}],"curies":[{"name":"wp","href":"https:\/\/api.w.org\/{rel}","templated":true}]}}