{"id":465,"date":"2026-04-25T13:51:18","date_gmt":"2026-04-25T11:51:18","guid":{"rendered":"https:\/\/taekwondo-bruck.at\/?page_id=465"},"modified":"2026-04-25T14:05:44","modified_gmt":"2026-04-25T12:05:44","slug":"traditionelles-taekwondo-bruck-an-der-mur-2","status":"publish","type":"page","link":"https:\/\/taekwondo-bruck.at\/","title":{"rendered":"Traditionelles Taekwondo Bruck an der Mur"},"content":{"rendered":"<p>Willkommen auf der Website des Taekwondo Dojang Bruck an der Mur.<\/p>\n<p>Dieser Dojang ist derzeit nicht in Betrieb. Die Seite dient als Platzhalter f\u00fcr eine zuk\u00fcnftige Taekwondo-Schule in Bruck an der Mur, \u00d6sterreich, die im Stil des Traditionellen Taekwondo gef\u00fchrt werden soll.<\/p>\n<p>Traditionelles Taekwondo ist eine koreanische Kampfkunst, die auf den Lehren von Gro\u00dfmeister Kwon Jae-Hwa aufbaut. Es vereint k\u00f6rperliches Training mit geistiger Disziplin und einem tiefen Verst\u00e4ndnis der Kampfkunst als Lebensweg.<\/p>\n<p>F\u00fcr weitere Informationen \u00fcber Traditionelles Taekwondo und unseren internationalen Verband:<\/p>\n<p><a href=\"https:\/\/traditional-taekwondo.center\" target=\"_blank\" rel=\"noopener\"><strong>Traditional Taekwon-Do Centers e.V.<\/strong><\/a><\/p>\n<blockquote class=\"wp-block-quote\">\n<p>\u201eTaekwondo ist nicht nur eine Kampftechnik \u2013 es ist eine Philosophie, eine Lebensweise und ein Weg zur pers\u00f6nlichen Exzellenz.\u201c<\/p>\n<\/blockquote>\n","protected":false},"excerpt":{"rendered":"<p>Willkommen auf der Website des Taekwondo Dojang Bruck an der Mur. Dieser Dojang ist derzeit nicht in Betrieb. Die Seite dient als Platzhalter f\u00fcr eine zuk\u00fcnftige Taekwondo-Schule in Bruck an der Mur, \u00d6sterreich, die im Stil des Traditionellen Taekwondo gef\u00fchrt werden soll. Traditionelles Taekwondo ist eine koreanische Kampfkunst, die auf den Lehren von Gro\u00dfmeister Kwon [&hellip;]<\/p>\n","protected":false},"author":1,"featured_media":0,"parent":0,"menu_order":0,"comment_status":"closed","ping_status":"closed","template":"","meta":{"footnotes":""},"class_list":["post-465","page","type-page","status-publish","hentry","entry"],"jetpack_sharing_enabled":true,"_links":{"self":[{"href":"https:\/\/taekwondo-bruck.at\/index.php?rest_route=\/wp\/v2\/pages\/465","targetHints":{"allow":["GET"]}}],"collection":[{"href":"https:\/\/taekwondo-bruck.at\/index.php?rest_route=\/wp\/v2\/pages"}],"about":[{"href":"https:\/\/taekwondo-bruck.at\/index.php?rest_route=\/wp\/v2\/types\/page"}],"author":[{"embeddable":true,"href":"https:\/\/taekwondo-bruck.at\/index.php?rest_route=\/wp\/v2\/users\/1"}],"replies":[{"embeddable":true,"href":"https:\/\/taekwondo-bruck.at\/index.php?rest_route=%2Fwp%2Fv2%2Fcomments&post=465"}],"version-history":[{"count":1,"href":"https:\/\/taekwondo-bruck.at\/index.php?rest_route=\/wp\/v2\/pages\/465\/revisions"}],"predecessor-version":[{"id":466,"href":"https:\/\/taekwondo-bruck.at\/index.php?rest_route=\/wp\/v2\/pages\/465\/revisions\/466"}],"wp:attachment":[{"href":"https:\/\/taekwondo-bruck.at\/index.php?rest_route=%2Fwp%2Fv2%2Fmedia&parent=465"}],"curies":[{"name":"wp","href":"https:\/\/api.w.org\/{rel}","templated":true}]}}