{"id":58,"date":"2022-07-24T12:58:27","date_gmt":"2022-07-24T10:58:27","guid":{"rendered":"https:\/\/taekwondo-bruck.at\/?page_id=58"},"modified":"2026-04-25T14:10:48","modified_gmt":"2026-04-25T12:10:48","slug":"impressum","status":"publish","type":"page","link":"https:\/\/taekwondo-bruck.at\/?page_id=58","title":{"rendered":"Impressum"},"content":{"rendered":"<p>Verantwortlich f\u00fcr den Inhalt dieser Website gem\u00e4\u00df \u00a7 25 MedienG und \u00a7 5 ECG:<\/p>\n<p><strong>Michael F. Peintinger, PhD<\/strong><br \/>\n4759 Keeneland Run<br \/>\nBatavia, OH 45103, USA<br \/>\nE-Mail: <a href=\"mailto:admin@taekwondo-bruck.at\">admin@taekwondo-bruck.at<\/a><\/p>\n<p>Diese Website dient ausschlie\u00dflich als Informationsseite \u00fcber Traditionelles Taekwondo. Derzeit ist kein aktiver Dojang-Betrieb in Bruck an der Mur.<\/p>\n","protected":false},"excerpt":{"rendered":"<p>Verantwortlich f\u00fcr den Inhalt dieser Website gem\u00e4\u00df \u00a7 25 MedienG und \u00a7 5 ECG: Michael F. Peintinger, PhD 4759 Keeneland Run Batavia, OH 45103, USA E-Mail: admin@taekwondo-bruck.at Diese Website dient ausschlie\u00dflich als Informationsseite \u00fcber Traditionelles Taekwondo. Derzeit ist kein aktiver Dojang-Betrieb in Bruck an der Mur.<\/p>\n","protected":false},"author":2,"featured_media":0,"parent":0,"menu_order":0,"comment_status":"closed","ping_status":"closed","template":"","meta":{"footnotes":""},"class_list":["post-58","page","type-page","status-publish","hentry","entry"],"jetpack_sharing_enabled":true,"_links":{"self":[{"href":"https:\/\/taekwondo-bruck.at\/index.php?rest_route=\/wp\/v2\/pages\/58","targetHints":{"allow":["GET"]}}],"collection":[{"href":"https:\/\/taekwondo-bruck.at\/index.php?rest_route=\/wp\/v2\/pages"}],"about":[{"href":"https:\/\/taekwondo-bruck.at\/index.php?rest_route=\/wp\/v2\/types\/page"}],"author":[{"embeddable":true,"href":"https:\/\/taekwondo-bruck.at\/index.php?rest_route=\/wp\/v2\/users\/2"}],"replies":[{"embeddable":true,"href":"https:\/\/taekwondo-bruck.at\/index.php?rest_route=%2Fwp%2Fv2%2Fcomments&post=58"}],"version-history":[{"count":5,"href":"https:\/\/taekwondo-bruck.at\/index.php?rest_route=\/wp\/v2\/pages\/58\/revisions"}],"predecessor-version":[{"id":467,"href":"https:\/\/taekwondo-bruck.at\/index.php?rest_route=\/wp\/v2\/pages\/58\/revisions\/467"}],"wp:attachment":[{"href":"https:\/\/taekwondo-bruck.at\/index.php?rest_route=%2Fwp%2Fv2%2Fmedia&parent=58"}],"curies":[{"name":"wp","href":"https:\/\/api.w.org\/{rel}","templated":true}]}}